{"id":9,"date":"2021-02-16T17:22:13","date_gmt":"2021-02-16T17:22:13","guid":{"rendered":"https:\/\/gpsites.co\/cloud\/?page_id=9"},"modified":"2024-05-17T19:52:09","modified_gmt":"2024-05-17T19:52:09","slug":"home","status":"publish","type":"page","link":"https:\/\/msp-hoster.de\/","title":{"rendered":"Home"},"content":{"rendered":"<div class=\"gb-container gb-container-6bff6dc5\">\n<div class=\"gb-container gb-container-e5987bb8\">\n<div class=\"gb-container gb-container-1441dfeb\">\n\n<h1 class=\"gb-headline gb-headline-1f9858a2 gb-headline-text\"><mark class=\"gb-highlight\">MSP Cloud Server<\/mark><br>von NUXOA<\/h1>\n\n\n\n<p class=\"gb-headline gb-headline-3560bafb gb-headline-text\">Passen Sie die Serverkapazit\u00e4ten jederzeit an den Bedarf Ihrer Kunden an. <\/p>\n\n\n\n<a class=\"gb-button gb-button-9d145d46\" href=\"https:\/\/outlook.office365.com\/owa\/calendar\/NUXOA1@nuxoa.de\/bookings\/s\/vwWjWXRQPky38G2C7dTG_w2\" target=\"_blank\" rel=\"noopener noreferrer\"><span class=\"gb-button-text\">Kostenloses Erstgespr\u00e4ch buchen<\/span><span class=\"gb-icon\"><svg viewBox=\"0 0 16 16\" class=\"bi bi-arrow-right-short\" fill=\"currentColor\" height=\"16\" width=\"16\" xmlns=\"http:\/\/www.w3.org\/2000\/svg\">   <path d=\"M4 8a.5.5 0 0 1 .5-.5h5.793L8.146 5.354a.5.5 0 1 1 .708-.708l3 3a.5.5 0 0 1 0 .708l-3 3a.5.5 0 0 1-.708-.708L10.293 8.5H4.5A.5.5 0 0 1 4 8z\" fill-rule=\"evenodd\"><\/path> <\/svg><\/span><\/a>\n\n<\/div>\n<\/div>\n<\/div>\n\n<div class=\"gb-container gb-container-906045d0\">\n<div class=\"gb-container gb-container-ba6b213d\">\n\n<p class=\"gb-headline gb-headline-79a1c004\"><span class=\"gb-icon\"><svg viewBox=\"0 0 640 512\" height=\"1em\" xmlns=\"http:\/\/www.w3.org\/2000\/svg\"><path d=\"M0 336c0 79.5 64.5 144 144 144H512c70.7 0 128-57.3 128-128c0-61.9-44-113.6-102.4-125.4c4.1-10.7 6.4-22.4 6.4-34.6c0-53-43-96-96-96c-19.7 0-38.1 6-53.3 16.2C367 64.2 315.3 32 256 32C167.6 32 96 103.6 96 192c0 2.7 .1 5.4 .2 8.1C40.2 219.8 0 273.2 0 336z\"><\/path><\/svg><\/span><span class=\"gb-headline-text\">Alles was Sie ben\u00f6tigen<\/span><\/p>\n\n\n\n<p class=\"gb-headline gb-headline-54757213 gb-headline-text\">Errichten Sie  umfassende Cloud Infrastrukturen f\u00fcr Ihre Kunden. Von Cloud-Servern bis hin zur virtuellen Firewall und mehr.<\/p>\n\n<\/div>\n\n<div class=\"gb-container gb-container-9bc069e7\">\n\n<p class=\"gb-headline gb-headline-206f673d\"><span class=\"gb-icon\"><svg viewBox=\"0 0 448 512\" height=\"1em\" xmlns=\"http:\/\/www.w3.org\/2000\/svg\"><path d=\"M349.4 44.6c5.9-13.7 1.5-29.7-10.6-38.5s-28.6-8-39.9 1.8l-256 224c-10 8.8-13.6 22.9-8.9 35.3S50.7 288 64 288H175.5L98.6 467.4c-5.9 13.7-1.5 29.7 10.6 38.5s28.6 8 39.9-1.8l256-224c10-8.8 13.6-22.9 8.9-35.3s-16.6-20.7-30-20.7H272.5L349.4 44.6z\"><\/path><\/svg><\/span><span class=\"gb-headline-text\">Schnelle Bereitstellung<\/span><\/p>\n\n\n\n<p>Ihre Cloud-Ressourcen stehen innerhalb weniger Minuten online zur Verf\u00fcgung und k\u00f6nnen flexibel und nach Bedarf angepasst werden.<\/p>\n\n<\/div>\n\n<div class=\"gb-container gb-container-989b8c14\">\n\n<p class=\"gb-headline gb-headline-9bd1ddd3\"><span class=\"gb-icon\"><svg viewBox=\"0 0 512 512\" height=\"1em\" xmlns=\"http:\/\/www.w3.org\/2000\/svg\"><path d=\"M256 0c4.6 0 9.2 1 13.4 2.9L457.7 82.8c22 9.3 38.4 31 38.3 57.2c-.5 99.2-41.3 280.7-213.6 363.2c-16.7 8-36.1 8-52.8 0C57.3 420.7 16.5 239.2 16 140c-.1-26.2 16.3-47.9 38.3-57.2L242.7 2.9C246.8 1 251.4 0 256 0zm0 66.8V444.8C394 378 431.1 230.1 432 141.4L256 66.8l0 0z\"><\/path><\/svg><\/span><span class=\"gb-headline-text\">24\/7 Support<\/span><\/p>\n\n\n\n<p>Bei Fragen oder Problemen steht Ihnen unser 24\/7-Support jederzeit \u00fcber unser Ticketsystem oder per<br>E-Mail kostenfrei zur Verf\u00fcgung.<\/p>\n\n<\/div>\n<\/div>\n\n<div class=\"gb-container gb-container-43749417\">\n<div class=\"gb-container gb-container-2e4802c0\">\n<div class=\"gb-container gb-container-e080cabf\">\n\n<h2 class=\"gb-headline gb-headline-0dc2fc2d gb-headline-text\">Ihre neue Cloud-L\u00f6sung!<\/h2>\n\n\n\n<p>Erleben Sie mit unseren Cloud-Servern uneingeschr\u00e4nkte Freiheit, indem Sie sich von bisherigen Einschr\u00e4nkungen bei CPU, RAM und Festplattenspeicher befreien. Profitieren Sie von neuen technologischen M\u00f6glichkeiten mit Leichtigkeit und passen Sie Ihre Cloud-Server nach Bedarf an sich und Ihre Kunden an \u2013 sei es durch Erweiterung oder Reduzierung \u2013 mit flexibler monatlicher oder st\u00fcndlicher Abrechnung. Dadurch k\u00f6nnen Sie problemlos Lastspitzen bew\u00e4ltigen, ohne Kompromisse bei der Leistung und hohe Kosten in Kauf nehmen zu m\u00fcssen. Unsere gesamte Cloud-Infrastruktur ist redundant konzipiert, um Wartungsarbeiten ohne jegliche Ausfallzeiten durchf\u00fchren zu k\u00f6nnen. Zudem gew\u00e4hrleistet die redundante Anbindung an mindestens zwei unabh\u00e4ngige Netzwerkger\u00e4te, dass ein einzelner Ausfallpunkt nicht existiert.<\/p>\n\n<\/div>\n\n<div class=\"gb-container gb-container-d4b19547\">\n\n<figure class=\"wp-block-image size-full is-resized is-style-rounded\"><img loading=\"lazy\" decoding=\"async\" width=\"800\" height=\"800\" src=\"https:\/\/msp-hoster.de\/wp-content\/uploads\/2023\/06\/maximiliandallmair_neu.jpg\" alt=\"\" class=\"wp-image-1148\" style=\"width:120px;height:120px\" srcset=\"https:\/\/msp-hoster.de\/wp-content\/uploads\/2023\/06\/maximiliandallmair_neu.jpg 800w, https:\/\/msp-hoster.de\/wp-content\/uploads\/2023\/06\/maximiliandallmair_neu-300x300.jpg 300w, https:\/\/msp-hoster.de\/wp-content\/uploads\/2023\/06\/maximiliandallmair_neu-150x150.jpg 150w, https:\/\/msp-hoster.de\/wp-content\/uploads\/2023\/06\/maximiliandallmair_neu-768x768.jpg 768w\" sizes=\"(max-width: 800px) 100vw, 800px\" \/><\/figure>\n\n\n<div class=\"gb-container gb-container-d2b62344\"><div class=\"gb-inside-container\">\n\n<div class=\"gb-headline gb-headline-0ad6d8ed\"><span class=\"gb-icon\"><svg viewBox=\"0 0 40 28\" xmlns=\"http:\/\/www.w3.org\/2000\/svg\"><path d=\"M30.6 28c-5.2 0-9.4-4.2-9.4-9.4C21.2 8 25.5 1 25.7.7l.5-.7H33l-.6 2C31.9 3.9 31 7.4 31 8.6v.6c2.4.1 4.6 1.1 6.3 2.8 1.7 1.8 2.7 4.1 2.7 6.6 0 5.2-4.2 9.4-9.4 9.4zM27.9 3.1c-1 2-3.6 7.7-3.6 15.5 0 3.4 2.8 6.2 6.2 6.2s6.2-2.8 6.2-6.2-2.7-6.2-6.1-6.2h-.1c-1.4 0-2-.7-2.4-1.3-.4-.7-.4-1.5-.4-2.4 0-1.2.6-3.7 1-5.5l-.8-.1zm2.7 6.1zM9.4 28C4.2 28 0 23.8 0 18.6 0 8 4.3 1 4.5.7l.4-.7h6.8l-.6 2c-.6 1.9-1.4 5.5-1.4 6.6v.6c2.4.1 4.6 1.1 6.3 2.8 1.7 1.8 2.7 4.1 2.7 6.6 0 5.2-4.2 9.4-9.3 9.4zM6.7 3.1c-1 2-3.6 7.7-3.6 15.5 0 3.4 2.8 6.2 6.2 6.2s6.2-2.8 6.2-6.2-2.7-6.2-6.1-6.2c-1.4 0-2-.7-2.4-1.3-.4-.7-.4-1.5-.4-2.4 0-1.2.6-3.7 1-5.5l-.9-.1zm2.7 6.1z\"><\/path><\/svg><\/span><\/div>\n\n\n\n<p class=\"gb-headline gb-headline-6894d99c gb-headline-text\">Unser Ziel ist es, Ihnen und Ihren Kunden eine smarte, leistungsf\u00e4hige und nachhaltige L\u00f6sung zu bieten, Dienste im Internet sicher und immer online zu betreiben. Bei jeglichen Fragen stehe ich und mein Team Ihnen gerne pers\u00f6nlich  zur Verf\u00fcgung.<\/p>\n\n\n\n<p class=\"gb-headline gb-headline-3af94b0d gb-headline-text\"><em><em>Maximilian Dallmair<\/em><\/em><br><em><em>Gesch\u00e4ftsf\u00fchrer NUXOA GmbH<\/em><\/em><\/p>\n\n\n\n<a class=\"gb-button gb-button-4cd62297\" href=\"https:\/\/outlook.office365.com\/owa\/calendar\/NUXOA1@nuxoa.de\/bookings\/s\/vwWjWXRQPky38G2C7dTG_w2\" target=\"_blank\" rel=\"noopener noreferrer\"><span class=\"gb-button-text\">Erstgespr\u00e4ch buchen<\/span><span class=\"gb-icon\"><svg viewBox=\"0 0 16 16\" class=\"bi bi-arrow-right-short\" fill=\"currentColor\" height=\"16\" width=\"16\" xmlns=\"http:\/\/www.w3.org\/2000\/svg\">   <path d=\"M4 8a.5.5 0 0 1 .5-.5h5.793L8.146 5.354a.5.5 0 1 1 .708-.708l3 3a.5.5 0 0 1 0 .708l-3 3a.5.5 0 0 1-.708-.708L10.293 8.5H4.5A.5.5 0 0 1 4 8z\" fill-rule=\"evenodd\"><\/path> <\/svg><\/span><\/a>\n\n<\/div><\/div>\n<\/div>\n<\/div>\n<\/div>\n\n<div class=\"gb-container gb-container-f7eecdb5\">\n<div class=\"gb-container gb-container-60ad3251\">\n\n<h3 class=\"gb-headline gb-headline-23fd6d0f\"><span class=\"gb-icon\"><svg xmlns=\"http:\/\/www.w3.org\/2000\/svg\" viewBox=\"0 0 8.145 54.189\"><path d=\"M4.262 40.052V0l-.439.438v39.613l.439.001zm-.439 3.853v9.845l.438.438.001-10.284-.439.001zm3.883-11.29v17.518l.439-.439V32.615h-.439zm0-8.273h.439V9.495l-.439-.439v15.286zM.439 21.074V4.056L0 4.495l.001 16.579h.438zm.001 6.274l-.439-.001v19.347l.439.439V27.348z\"><\/path><\/svg><\/span><span class=\"gb-headline-text\">Unsere wichtigsten Merkmale<\/span><\/h3>\n\n\n<div class=\"gb-grid-wrapper gb-grid-wrapper-330be022\">\n<div class=\"gb-grid-column gb-grid-column-69fe2156\"><div class=\"gb-container gb-container-69fe2156\">\n\n<h4 class=\"gb-headline gb-headline-1887caaf\"><span class=\"gb-icon\"><svg viewBox=\"0 0 512 512\" height=\"1em\" xmlns=\"http:\/\/www.w3.org\/2000\/svg\"><path d=\"M0 96C0 60.7 28.7 32 64 32H448c35.3 0 64 28.7 64 64V280.4c-17-15.2-39.4-24.4-64-24.4H64c-24.6 0-47 9.2-64 24.4V96zM64 288H448c35.3 0 64 28.7 64 64v64c0 35.3-28.7 64-64 64H64c-35.3 0-64-28.7-64-64V352c0-35.3 28.7-64 64-64zM320 416a32 32 0 1 0 0-64 32 32 0 1 0 0 64zm128-32a32 32 0 1 0 -64 0 32 32 0 1 0 64 0z\"><\/path><\/svg><\/span><span class=\"gb-headline-text\">NVMe-Speicher<\/span><\/h4>\n\n\n\n<p class=\"gb-headline gb-headline-7a182882 gb-headline-text\">Bei all unseren Cloud-Servern verwenden wir ausschlie\u00dflich NVMe Speicher, der speziell f\u00fcr Betrieb in Datacenter Umgebungen optimiert ist.<\/p>\n\n<\/div><\/div>\n\n<div class=\"gb-grid-column gb-grid-column-00b9f36c\"><div class=\"gb-container gb-container-00b9f36c\">\n\n<h4 class=\"gb-headline gb-headline-bafeb5f6\"><span class=\"gb-icon\"><svg viewBox=\"0 0 448 512\" height=\"1em\" xmlns=\"http:\/\/www.w3.org\/2000\/svg\"><path d=\"M448 80v48c0 44.2-100.3 80-224 80S0 172.2 0 128V80C0 35.8 100.3 0 224 0S448 35.8 448 80zM393.2 214.7c20.8-7.4 39.9-16.9 54.8-28.6V288c0 44.2-100.3 80-224 80S0 332.2 0 288V186.1c14.9 11.8 34 21.2 54.8 28.6C99.7 230.7 159.5 240 224 240s124.3-9.3 169.2-25.3zM0 346.1c14.9 11.8 34 21.2 54.8 28.6C99.7 390.7 159.5 400 224 400s124.3-9.3 169.2-25.3c20.8-7.4 39.9-16.9 54.8-28.6V432c0 44.2-100.3 80-224 80S0 476.2 0 432V346.1z\"><\/path><\/svg><\/span><span class=\"gb-headline-text\">Backups<\/span><\/h4>\n\n\n\n<p class=\"gb-headline gb-headline-0416fe8d gb-headline-text\">Profitieren Sie von 7  t\u00e4glichen On-Site-Backups und einem w\u00f6chentlichen Off-Site-Backup. Diese sind immer Inklusiv.<\/p>\n\n\n\n<p><\/p>\n\n<\/div><\/div>\n\n<div class=\"gb-grid-column gb-grid-column-0e0f4ab4\"><div class=\"gb-container gb-container-0e0f4ab4\">\n\n<h4 class=\"gb-headline gb-headline-de7ff87a\"><span class=\"gb-icon\"><svg viewBox=\"0 0 448 512\" height=\"1em\" xmlns=\"http:\/\/www.w3.org\/2000\/svg\"><path d=\"M144 144v48H304V144c0-44.2-35.8-80-80-80s-80 35.8-80 80zM80 192V144C80 64.5 144.5 0 224 0s144 64.5 144 144v48h16c35.3 0 64 28.7 64 64V448c0 35.3-28.7 64-64 64H64c-35.3 0-64-28.7-64-64V256c0-35.3 28.7-64 64-64H80z\"><\/path><\/svg><\/span><span class=\"gb-headline-text\">Datenschutz<\/span><\/h4>\n\n\n\n<p class=\"gb-headline gb-headline-876b889e gb-headline-text\">Um den DSGVO-konformen Betrieb sicherzustellen, bieten Ihnen die M\u00f6glichkeit einen Vertrag zur Auftrags- verarbeitung abzuschlie\u00dfen.<\/p>\n\n<\/div><\/div>\n\n<div class=\"gb-grid-column gb-grid-column-c948291d\"><div class=\"gb-container gb-container-c948291d\">\n\n<h4 class=\"gb-headline gb-headline-ce390aec\"><span class=\"gb-icon\"><svg viewBox=\"0 0 512 512\" height=\"1em\" xmlns=\"http:\/\/www.w3.org\/2000\/svg\"><path d=\"M352 256c0 22.2-1.2 43.6-3.3 64H163.3c-2.2-20.4-3.3-41.8-3.3-64s1.2-43.6 3.3-64H348.7c2.2 20.4 3.3 41.8 3.3 64zm28.8-64H503.9c5.3 20.5 8.1 41.9 8.1 64s-2.8 43.5-8.1 64H380.8c2.1-20.6 3.2-42 3.2-64s-1.1-43.4-3.2-64zm112.6-32H376.7c-10-63.9-29.8-117.4-55.3-151.6c78.3 20.7 142 77.5 171.9 151.6zm-149.1 0H167.7c6.1-36.4 15.5-68.6 27-94.7c10.5-23.6 22.2-40.7 33.5-51.5C239.4 3.2 248.7 0 256 0s16.6 3.2 27.8 13.8c11.3 10.8 23 27.9 33.5 51.5c11.6 26 20.9 58.2 27 94.7zm-209 0H18.6C48.6 85.9 112.2 29.1 190.6 8.4C165.1 42.6 145.3 96.1 135.3 160zM8.1 192H131.2c-2.1 20.6-3.2 42-3.2 64s1.1 43.4 3.2 64H8.1C2.8 299.5 0 278.1 0 256s2.8-43.5 8.1-64zM194.7 446.6c-11.6-26-20.9-58.2-27-94.6H344.3c-6.1 36.4-15.5 68.6-27 94.6c-10.5 23.6-22.2 40.7-33.5 51.5C272.6 508.8 263.3 512 256 512s-16.6-3.2-27.8-13.8c-11.3-10.8-23-27.9-33.5-51.5zM135.3 352c10 63.9 29.8 117.4 55.3 151.6C112.2 482.9 48.6 426.1 18.6 352H135.3zm358.1 0c-30 74.1-93.6 130.9-171.9 151.6c25.5-34.2 45.2-87.7 55.3-151.6H493.4z\"><\/path><\/svg><\/span><span class=\"gb-headline-text\">Schnittstellen<\/span><\/h4>\n\n\n\n<p class=\"gb-headline gb-headline-6ad76798 gb-headline-text\">\u00dcber unser Cloud-Interface oder unsere Rest-API k\u00f6nnen alle Aktionen auch per Schnittstelle sofort<br> ausgef\u00fchrt werden.<\/p>\n\n<\/div><\/div>\n\n<div class=\"gb-grid-column gb-grid-column-b3f0c7e6\"><div class=\"gb-container gb-container-b3f0c7e6\">\n\n<h4 class=\"gb-headline gb-headline-c1d9c0e6\"><span class=\"gb-icon\"><svg viewBox=\"0 0 512 512\" height=\"1em\" xmlns=\"http:\/\/www.w3.org\/2000\/svg\"><path d=\"M432 64H208c-8.8 0-16 7.2-16 16V96H128V80c0-44.2 35.8-80 80-80H432c44.2 0 80 35.8 80 80V304c0 44.2-35.8 80-80 80H416V320h16c8.8 0 16-7.2 16-16V80c0-8.8-7.2-16-16-16zM0 192c0-35.3 28.7-64 64-64H320c35.3 0 64 28.7 64 64V448c0 35.3-28.7 64-64 64H64c-35.3 0-64-28.7-64-64V192zm64 32c0 17.7 14.3 32 32 32H288c17.7 0 32-14.3 32-32s-14.3-32-32-32H96c-17.7 0-32 14.3-32 32z\"><\/path><\/svg><\/span><span class=\"gb-headline-text\">Betriebssysteme<\/span><\/h4>\n\n\n\n<p class=\"gb-headline gb-headline-238e08f8 gb-headline-text\">W\u00e4hlen Sie aus einer Vielzahl von Betriebssystemen und Versionen, darunter Windows, Debian, Ubuntu und mehr.<\/p>\n\n<\/div><\/div>\n\n<div class=\"gb-grid-column gb-grid-column-289ac224\"><div class=\"gb-container gb-container-289ac224\">\n\n<h4 class=\"gb-headline gb-headline-a09bfb5e\"><span class=\"gb-icon\"><svg viewBox=\"0 0 512 512\" height=\"1em\" xmlns=\"http:\/\/www.w3.org\/2000\/svg\"><path d=\"M64 64c0-17.7-14.3-32-32-32S0 46.3 0 64V400c0 44.2 35.8 80 80 80H480c17.7 0 32-14.3 32-32s-14.3-32-32-32H80c-8.8 0-16-7.2-16-16V64zm406.6 86.6c12.5-12.5 12.5-32.8 0-45.3s-32.8-12.5-45.3 0L320 210.7l-57.4-57.4c-12.5-12.5-32.8-12.5-45.3 0l-112 112c-12.5 12.5-12.5 32.8 0 45.3s32.8 12.5 45.3 0L240 221.3l57.4 57.4c12.5 12.5 32.8 12.5 45.3 0l128-128z\"><\/path><\/svg><\/span><span class=\"gb-headline-text\">Verf\u00fcgbarkeit<\/span><\/h4>\n\n\n\n<p class=\"gb-headline gb-headline-19f75c8e gb-headline-text\">Die Infrastruktur wurde vollst\u00e4ndig redundant aufgebaut, um einen Single Point of Failure zu vermeiden.<\/p>\n\n<\/div><\/div>\n\n<div class=\"gb-grid-column gb-grid-column-129c6afd\"><div class=\"gb-container gb-container-129c6afd\">\n\n<h4 class=\"gb-headline gb-headline-a713612c\"><span class=\"gb-icon\"><svg viewBox=\"0 0 512 512\" height=\"1em\" xmlns=\"http:\/\/www.w3.org\/2000\/svg\"><path d=\"M256 0c17.7 0 32 14.3 32 32V66.7C368.4 80.1 431.9 143.6 445.3 224H480c17.7 0 32 14.3 32 32s-14.3 32-32 32H445.3C431.9 368.4 368.4 431.9 288 445.3V480c0 17.7-14.3 32-32 32s-32-14.3-32-32V445.3C143.6 431.9 80.1 368.4 66.7 288H32c-17.7 0-32-14.3-32-32s14.3-32 32-32H66.7C80.1 143.6 143.6 80.1 224 66.7V32c0-17.7 14.3-32 32-32zM128 256a128 128 0 1 0 256 0 128 128 0 1 0 -256 0zm128-80a80 80 0 1 1 0 160 80 80 0 1 1 0-160z\"><\/path><\/svg><\/span><span class=\"gb-headline-text\">Serverstandort&nbsp;<\/span><\/h4>\n\n\n\n<p class=\"gb-headline gb-headline-b1280119 gb-headline-text\">Die Verarbeitung und Speicherung aller Daten erfolgt ausschlie\u00dflich in deutschen Rechenzentren.<\/p>\n\n<\/div><\/div>\n\n<div class=\"gb-grid-column gb-grid-column-1505b107\"><div class=\"gb-container gb-container-1505b107\">\n\n<h4 class=\"gb-headline gb-headline-10c31c3e\"><span class=\"gb-icon\"><svg viewBox=\"0 0 512 512\" height=\"1em\" xmlns=\"http:\/\/www.w3.org\/2000\/svg\"><path d=\"M256 0c4.6 0 9.2 1 13.4 2.9L457.7 82.8c22 9.3 38.4 31 38.3 57.2c-.5 99.2-41.3 280.7-213.6 363.2c-16.7 8-36.1 8-52.8 0C57.3 420.7 16.5 239.2 16 140c-.1-26.2 16.3-47.9 38.3-57.2L242.7 2.9C246.8 1 251.4 0 256 0zm0 66.8V444.8C394 378 431.1 230.1 432 141.4L256 66.8l0 0z\"><\/path><\/svg><\/span><span class=\"gb-headline-text\">DDoS Schutz<\/span><\/h4>\n\n\n\n<p class=\"gb-headline gb-headline-2881dad7 gb-headline-text\">Profitieren Sie von unserem kostenfreien DDoS-Schutz f\u00fcr<br>alle Server. Wir filtern den Angriffsverkehr im Voraus.<\/p>\n\n<\/div><\/div>\n<\/div>\n<\/div>\n<\/div>\n\n<div class=\"gb-container gb-container-56b4537c\">\n<div class=\"gb-container gb-container-408de175\">\n\n<div style=\"height:100px\" aria-hidden=\"true\" class=\"wp-block-spacer\"><\/div>\n\n\n<div class=\"gb-container gb-container-d2f6dfaf\">\n<div class=\"gb-container gb-container-357d670c\">\n<div class=\"gb-grid-wrapper gb-grid-wrapper-7b64ce5a\">\n<div class=\"gb-grid-column gb-grid-column-233d71b4\"><div class=\"gb-container gb-container-233d71b4\">\n\n<p class=\"gb-headline gb-headline-afa6131f gb-headline-text\"> Cloud Server<\/p>\n\n\n\n<p class=\"gb-headline gb-headline-b1ad2fb8 gb-headline-text\">ab 2,50 \u20ac pro Monat<\/p>\n\n\n\n<p class=\"gb-headline gb-headline-814afa9b gb-headline-text\">je AMD EPYC\u2122 CPU-Kern 1,50 \u20ac<\/p>\n\n\n\n<p class=\"gb-headline gb-headline-1d8764a9 gb-headline-text\">je GB DDR4 reg. ECC RAM 1,00 \u20ac<\/p>\n\n\n\n<p class=\"gb-headline gb-headline-bd8dfb53 gb-headline-text\">je 10 GB NVMe-SSD 0,40 \u20ac<\/p>\n\n\n\n<p class=\"gb-headline gb-headline-e48621a8 gb-headline-text\">je Snapshot 1,00 \u20ac<\/p>\n\n\n\n<p class=\"gb-headline gb-headline-b0812a19 gb-headline-text\">je IPv4 Adresse 1,50 \u20ac<\/p>\n\n\n\n<p class=\"gb-headline gb-headline-a40f2892 gb-headline-text\">1 IPv6 Adresse je IPv4 Adresse inklusive<\/p>\n\n\n\n<p class=\"gb-headline gb-headline-a91dd348 gb-headline-text\">7 automatische On-Site-Backups inklusive<\/p>\n\n\n\n<p class=\"gb-headline gb-headline-5ae95ca4 gb-headline-text\">2 automatische Off-Site-Backups inklusive<\/p>\n\n\n\n<p class=\"gb-headline gb-headline-5a68f041 gb-headline-text\">Fair-Use Traffic inklusive<\/p>\n\n\n\n<p class=\"gb-headline gb-headline-f0c6b7e1 gb-headline-text\">Premium 3.2 Tbit\/s DDoS Protection<\/p>\n\n\n\n<p class=\"gb-headline gb-headline-39040bed gb-headline-text\">monatliche oder st\u00fcndliche Abrechnung<\/p>\n\n\n<div class=\"gb-container gb-container-63f9dc81\">\n\n<a class=\"gb-button gb-button-ff93c671\" href=\"https:\/\/nuxoa.de\/kontakt\/\" target=\"_blank\" rel=\"noopener noreferrer\"><span class=\"gb-button-text\"><strong>Erstgespr\u00e4ch buchen<\/strong><\/span><span class=\"gb-icon\"><svg xmlns=\"http:\/\/www.w3.org\/2000\/svg\" width=\"16\" height=\"16\" fill=\"currentColor\" class=\"bi bi-arrow-right-short\" viewBox=\"0 0 16 16\">   <path fill-rule=\"evenodd\" d=\"M4 8a.5.5 0 0 1 .5-.5h5.793L8.146 5.354a.5.5 0 1 1 .708-.708l3 3a.5.5 0 0 1 0 .708l-3 3a.5.5 0 0 1-.708-.708L10.293 8.5H4.5A.5.5 0 0 1 4 8z\"><\/path> <\/svg><\/span><\/a>\n\n<\/div>\n<\/div><\/div>\n<\/div>\n<\/div>\n<\/div>\n\n\n<div style=\"height:50px\" aria-hidden=\"true\" class=\"wp-block-spacer\"><\/div>\n\n<\/div>\n<\/div>","protected":false},"excerpt":{"rendered":"<p>MSP Cloud Servervon NUXOA Passen Sie die Serverkapazit\u00e4ten jederzeit an den Bedarf Ihrer Kunden an. Alles was Sie ben\u00f6tigen Errichten Sie umfassende Cloud Infrastrukturen f\u00fcr Ihre Kunden. Von Cloud-Servern bis hin zur virtuellen Firewall und mehr. Schnelle Bereitstellung Ihre Cloud-Ressourcen stehen innerhalb weniger Minuten online zur Verf\u00fcgung und k\u00f6nnen flexibel und nach Bedarf angepasst werden. &#8230; <a title=\"Home\" class=\"read-more\" href=\"https:\/\/msp-hoster.de\/\" aria-label=\"Mehr Informationen \u00fcber Home\">Weiterlesen &#8230;<\/a><\/p>\n","protected":false},"author":1,"featured_media":0,"parent":0,"menu_order":0,"comment_status":"closed","ping_status":"closed","template":"","meta":{"footnotes":""},"_links":{"self":[{"href":"https:\/\/msp-hoster.de\/index.php?rest_route=\/wp\/v2\/pages\/9"}],"collection":[{"href":"https:\/\/msp-hoster.de\/index.php?rest_route=\/wp\/v2\/pages"}],"about":[{"href":"https:\/\/msp-hoster.de\/index.php?rest_route=\/wp\/v2\/types\/page"}],"author":[{"embeddable":true,"href":"https:\/\/msp-hoster.de\/index.php?rest_route=\/wp\/v2\/users\/1"}],"replies":[{"embeddable":true,"href":"https:\/\/msp-hoster.de\/index.php?rest_route=%2Fwp%2Fv2%2Fcomments&post=9"}],"version-history":[{"count":31,"href":"https:\/\/msp-hoster.de\/index.php?rest_route=\/wp\/v2\/pages\/9\/revisions"}],"predecessor-version":[{"id":1207,"href":"https:\/\/msp-hoster.de\/index.php?rest_route=\/wp\/v2\/pages\/9\/revisions\/1207"}],"wp:attachment":[{"href":"https:\/\/msp-hoster.de\/index.php?rest_route=%2Fwp%2Fv2%2Fmedia&parent=9"}],"curies":[{"name":"wp","href":"https:\/\/api.w.org\/{rel}","templated":true}]}}